{"id":2108,"date":"2021-02-22T15:18:36","date_gmt":"2021-02-22T15:18:36","guid":{"rendered":"https:\/\/www.prosilva.ch\/ps2021\/sylviculture\/"},"modified":"2021-04-06T15:22:23","modified_gmt":"2021-04-06T15:22:23","slug":"sylviculture","status":"publish","type":"page","link":"https:\/\/www.prosilva.ch\/fr\/sylviculture\/","title":{"rendered":"Sylviculture"},"content":{"rendered":"<p><div class=\"fusion-fullwidth fullwidth-box fusion-builder-row-1 fusion-flex-container hundred-percent-fullwidth non-hundred-percent-height-scrolling\" style=\"--awb-background-position:left top;--awb-border-sizes-top:0px;--awb-border-sizes-bottom:0px;--awb-border-sizes-left:0px;--awb-border-sizes-right:0px;--awb-border-radius-top-left:0px;--awb-border-radius-top-right:0px;--awb-border-radius-bottom-right:0px;--awb-border-radius-bottom-left:0px;--awb-padding-top:209px;--awb-padding-bottom:54px;--awb-padding-top-small:60px;--awb-margin-bottom:100px;--awb-margin-bottom-small:60px;--awb-background-color:#00a35b;--awb-flex-wrap:wrap;\" ><div class=\"fusion-builder-row fusion-row fusion-flex-align-items-flex-start fusion-flex-content-wrap\" style=\"width:calc( 100% + 0px ) !important;max-width:calc( 100% + 0px ) !important;margin-left: calc(-0px \/ 2 );margin-right: calc(-0px \/ 2 );\"><div class=\"fusion-layout-column fusion_builder_column fusion-builder-column-0 fusion_builder_column_1_2 1_2 fusion-flex-column\" style=\"--awb-bg-size:cover;--awb-width-large:50%;--awb-margin-top-large:0px;--awb-spacing-right-large:0px;--awb-margin-bottom-large:0px;--awb-spacing-left-large:0px;--awb-width-medium:100%;--awb-spacing-right-medium:0px;--awb-spacing-left-medium:0px;--awb-width-small:100%;--awb-spacing-right-small:0px;--awb-spacing-left-small:0px;\"><div class=\"fusion-column-wrapper fusion-flex-justify-content-flex-start fusion-content-layout-column\"><div class=\"fusion-title title fusion-title-1 fusion-sep-none fusion-title-text fusion-title-size-one\"><h1 class=\"fusion-title-heading title-heading-left fusion-responsive-typography-calculated\" style=\"margin:0;--fontSize:48;line-height:1.2;\">Sylviculture \u2013 observer, exp\u00e9rimenter, diriger<\/h1><\/div><\/div><\/div><\/div><\/div><div class=\"fusion-fullwidth fullwidth-box fusion-builder-row-2 fusion-flex-container hundred-percent-fullwidth non-hundred-percent-height-scrolling\" style=\"--awb-background-position:right center;--awb-border-sizes-top:0px;--awb-border-sizes-bottom:0px;--awb-border-sizes-left:0px;--awb-border-sizes-right:0px;--awb-border-radius-top-left:0px;--awb-border-radius-top-right:0px;--awb-border-radius-bottom-right:0px;--awb-border-radius-bottom-left:0px;--awb-margin-bottom:100px;--awb-flex-wrap:wrap;\" ><div class=\"fusion-builder-row fusion-row fusion-flex-align-items-flex-start fusion-flex-content-wrap\" style=\"width:110% !important;max-width:110% !important;margin-left: calc(-10% \/ 2 );margin-right: calc(-10% \/ 2 );\"><div class=\"fusion-layout-column fusion_builder_column fusion-builder-column-1 fusion_builder_column_1_2 1_2 fusion-flex-column\" style=\"--awb-bg-size:cover;--awb-width-large:50%;--awb-margin-top-large:0px;--awb-spacing-right-large:9%;--awb-margin-bottom-large:50px;--awb-spacing-left-large:9%;--awb-width-medium:100%;--awb-spacing-right-medium:4.5%;--awb-spacing-left-medium:4.5%;--awb-width-small:100%;--awb-spacing-right-small:4.5%;--awb-spacing-left-small:4.5%;\"><div class=\"fusion-column-wrapper fusion-flex-justify-content-flex-start fusion-content-layout-column\"><div class=\"fusion-title title fusion-title-2 fusion-sep-none fusion-title-text fusion-title-size-two\" style=\"--awb-margin-bottom:30px;\"><h2 class=\"fusion-title-heading title-heading-left fusion-responsive-typography-calculated\" style=\"margin:0;--fontSize:34;line-height:1.2;\">Martelage<\/h2><\/div><div class=\"fusion-text fusion-text-1\"><p>Le martelage et la coupe qui en d\u00e9coule sont les seuls moyens de conduire activement la structure foresti\u00e8re ! Passivement, les perturbations jouent souvent aussi un r\u00f4le important !<\/p>\n<p>Le martelage se fait dans toutes les classes de diam\u00e8tre, \u00ab en commen\u00e7ant par les plus gros ET les plus mauvais \u00bb. On se concentre sur chaque arbre individuel. Par principe, ce dernier n\u2019est r\u00e9-colt\u00e9 que lorsque sa valeur \u00e9conomique n\u2019augmente plus, ou lorsqu\u2019il devient superflu d\u2019un point de vue sylvicole ou \u00e9cologique.<\/p>\n<p>Lorsque l\u2019\u00e9quilibre est atteint, la surface terri\u00e8re et le volume sur pied sont inf\u00e9rieurs \u00e0 ceux d\u2019un peuplement m\u00fbr de la for\u00eat par classes d\u2019\u00e2ge. D\u2019o\u00f9 les trois conditions g\u00e9n\u00e9rales importantes \u00e0 toujours consid\u00e9rer lors du martelage :<\/p>\n<ol>\n<li>La courte dur\u00e9e de rotation facilite la d\u00e9cision sylvicole concernant un arbre individuel. Dans le doute, il convient de le laisser encore pendant une rotation.<\/li>\n<li>Les structures foresti\u00e8res typiques de la for\u00eat p\u00e9renne sont la condition pour atteindre les objectifs \u00e0 long terme. Mais elles ne sont pas des crit\u00e8res de martelage. La structure vient d\u2019elle-m\u00eame, elle ne peut pas \u00eatre \u00e9labor\u00e9e.<\/li>\n<li>La conduite de la r\u00e9g\u00e9n\u00e9ration se fait en lumi\u00e8re diffuse ; il faut toujours \u00e9valuer si l\u2019ombre grandissante peut encore \u00eatre tol\u00e9r\u00e9e jusqu\u2019\u00e0 la prochaine intervention. Il est toujours possible de donner plus de lumi\u00e8re, mais pas plus d\u2019ombre.<\/li>\n<\/ol>\n<p>&nbsp;<\/p>\n<\/div><\/div><\/div><div class=\"fusion-layout-column fusion_builder_column fusion-builder-column-2 fusion_builder_column_1_2 1_2 fusion-flex-column\" style=\"--awb-padding-bottom:50px;--awb-bg-size:cover;--awb-width-large:50%;--awb-margin-top-large:0px;--awb-spacing-right-large:9%;--awb-margin-bottom-large:0px;--awb-spacing-left-large:9%;--awb-width-medium:100%;--awb-spacing-right-medium:4.5%;--awb-spacing-left-medium:4.5%;--awb-width-small:100%;--awb-spacing-right-small:4.5%;--awb-spacing-left-small:4.5%;\"><div class=\"fusion-column-wrapper fusion-flex-justify-content-flex-start fusion-content-layout-column\"><div class=\"fusion-title title fusion-title-3 fusion-sep-none fusion-title-text fusion-title-size-four\" style=\"--awb-margin-bottom:50px;\"><h4 class=\"fusion-title-heading title-heading-left fusion-responsive-typography-calculated\" style=\"margin:0;--fontSize:20;--minFontSize:20;line-height:2;\"><h4>D\u00e9veloppement de la valeur commerciale de l\u2019arbre unique<\/h4><\/h4><\/div><div class=\"fusion-image-element \" style=\"--awb-caption-title-font-family:var(--h2_typography-font-family);--awb-caption-title-font-weight:var(--h2_typography-font-weight);--awb-caption-title-font-style:var(--h2_typography-font-style);--awb-caption-title-size:var(--h2_typography-font-size);--awb-caption-title-transform:var(--h2_typography-text-transform);--awb-caption-title-line-height:var(--h2_typography-line-height);--awb-caption-title-letter-spacing:var(--h2_typography-letter-spacing);\"><span class=\" fusion-imageframe imageframe-none imageframe-1 hover-type-none\"><img decoding=\"async\" width=\"2500\" height=\"2500\" title=\"waldbau1\" src=\"data:image\/svg+xml,%3Csvg%20xmlns%3D%27http%3A%2F%2Fwww.w3.org%2F2000%2Fsvg%27%20width%3D%272500%27%20height%3D%272500%27%20viewBox%3D%270%200%202500%202500%27%3E%3Crect%20width%3D%272500%27%20height%3D%272500%27%20fill-opacity%3D%220%22%2F%3E%3C%2Fsvg%3E\" data-orig-src=\"https:\/\/www.prosilva.ch\/ps2021\/wp-content\/uploads\/2020\/09\/Waldbau1_f.png\" alt class=\"lazyload img-responsive wp-image-1726\"\/><\/span><\/div><\/div><\/div><\/div><\/div><div class=\"fusion-fullwidth fullwidth-box fusion-builder-row-3 fusion-flex-container hundred-percent-fullwidth non-hundred-percent-height-scrolling\" style=\"--awb-background-position:right center;--awb-border-sizes-top:0px;--awb-border-sizes-bottom:0px;--awb-border-sizes-left:0px;--awb-border-sizes-right:0px;--awb-border-radius-top-left:0px;--awb-border-radius-top-right:0px;--awb-border-radius-bottom-right:0px;--awb-border-radius-bottom-left:0px;--awb-margin-bottom:200px;--awb-flex-wrap:wrap;\" ><div class=\"fusion-builder-row fusion-row fusion-flex-align-items-flex-start fusion-flex-content-wrap\" style=\"width:110% !important;max-width:110% !important;margin-left: calc(-10% \/ 2 );margin-right: calc(-10% \/ 2 );\"><div class=\"fusion-layout-column fusion_builder_column fusion-builder-column-3 fusion_builder_column_1_2 1_2 fusion-flex-column\" style=\"--awb-padding-bottom:50px;--awb-bg-size:cover;--awb-width-large:50%;--awb-margin-top-large:0px;--awb-spacing-right-large:9%;--awb-margin-bottom-large:0px;--awb-spacing-left-large:9%;--awb-width-medium:100%;--awb-spacing-right-medium:4.5%;--awb-spacing-left-medium:4.5%;--awb-width-small:100%;--awb-spacing-right-small:4.5%;--awb-spacing-left-small:4.5%;\"><div class=\"fusion-column-wrapper fusion-flex-justify-content-flex-start fusion-content-layout-column\"><div class=\"fusion-title title fusion-title-4 fusion-sep-none fusion-title-text fusion-title-size-two\" style=\"--awb-margin-bottom:30px;\"><h2 class=\"fusion-title-heading title-heading-left fusion-responsive-typography-calculated\" style=\"margin:0;--fontSize:34;line-height:1.2;\"><h2>De la futaie par classes d\u2019\u00e2ges \u00e0 la for\u00eat p\u00e9renne<\/h2><\/h2><\/div><div class=\"fusion-text fusion-text-2\"><p>D\u00e8s que l\u2019on renonce \u00e0 des r\u00e9coltes surfaciques dans une for\u00eat, c\u2019est une for\u00eat p\u00e9renne. Mais le traitement sylvicole en for\u00eat p\u00e9renne d\u00e9pend naturellement de l\u2019\u00e9tat du peuplement de d\u00e9part et varie fortement en fonction du stade de d\u00e9veloppement, des essences, de la qualit\u00e9 du bois et de la structure.<\/p>\n<p>La surface terri\u00e8re de futaies r\u00e9guli\u00e8res \u00e0 un \u00e9tage est souvent trop haute par rapport \u00e0 la surface terri\u00e8re id\u00e9ale vis\u00e9e. Lors de la r\u00e9duction du mat\u00e9riel sur pied, le rapport entre la stabilit\u00e9, l\u2019intensit\u00e9 de l\u2019intervention et la rotation des interventions doit \u00eatre consid\u00e9r\u00e9. On se pose alors la question\u00a0:<\/p>\n<p>La stabilit\u00e9 du peuplement suffit-elle \u00e0 obtenir, en une rotation \u00e0 la fois, le pr\u00e9l\u00e8vement de l\u2019accroissement ET la diminution du mat\u00e9riel sur pied d\u00e9finis pour la for\u00eat enti\u00e8re, tout en appliquant une intensit\u00e9 d\u2019intervention raisonnable ?<\/p>\n<\/div><\/div><\/div><div class=\"fusion-layout-column fusion_builder_column fusion-builder-column-4 fusion_builder_column_1_2 1_2 fusion-flex-column\" style=\"--awb-bg-size:cover;--awb-width-large:50%;--awb-margin-top-large:0px;--awb-spacing-right-large:9%;--awb-margin-bottom-large:0px;--awb-spacing-left-large:9%;--awb-width-medium:100%;--awb-spacing-right-medium:4.5%;--awb-spacing-left-medium:4.5%;--awb-width-small:100%;--awb-spacing-right-small:4.5%;--awb-spacing-left-small:4.5%;\"><div class=\"fusion-column-wrapper fusion-flex-justify-content-flex-start fusion-content-layout-column\"><div class=\"fusion-title title fusion-title-5 fusion-sep-none fusion-title-text fusion-title-size-four\" style=\"--awb-margin-bottom:50px;\"><h4 class=\"fusion-title-heading title-heading-left fusion-responsive-typography-calculated\" style=\"margin:0;--fontSize:20;--minFontSize:20;line-height:2;\"><h4>Rapport entre la stabilit\u00e9, l\u2019intensit\u00e9 de l\u2019intervention et sa rotation<\/h4><\/h4><\/div><div class=\"fusion-image-element \" style=\"--awb-caption-title-font-family:var(--h2_typography-font-family);--awb-caption-title-font-weight:var(--h2_typography-font-weight);--awb-caption-title-font-style:var(--h2_typography-font-style);--awb-caption-title-size:var(--h2_typography-font-size);--awb-caption-title-transform:var(--h2_typography-text-transform);--awb-caption-title-line-height:var(--h2_typography-line-height);--awb-caption-title-letter-spacing:var(--h2_typography-letter-spacing);\"><span class=\" fusion-imageframe imageframe-none imageframe-2 hover-type-none\"><img decoding=\"async\" width=\"2500\" height=\"2273\" title=\"waldbau2\" src=\"data:image\/svg+xml,%3Csvg%20xmlns%3D%27http%3A%2F%2Fwww.w3.org%2F2000%2Fsvg%27%20width%3D%272500%27%20height%3D%272273%27%20viewBox%3D%270%200%202500%202273%27%3E%3Crect%20width%3D%272500%27%20height%3D%272273%27%20fill-opacity%3D%220%22%2F%3E%3C%2Fsvg%3E\" data-orig-src=\"https:\/\/www.prosilva.ch\/ps2021\/wp-content\/uploads\/2020\/09\/Waldbau2_f.png\" alt class=\"lazyload img-responsive wp-image-1727\"\/><\/span><\/div><\/div><\/div><\/div><\/div><\/p>\n","protected":false},"excerpt":{"rendered":"","protected":false},"author":1,"featured_media":0,"parent":0,"menu_order":0,"comment_status":"closed","ping_status":"closed","template":"100-width.php","meta":{"footnotes":""},"class_list":["post-2108","page","type-page","status-publish","hentry"],"_links":{"self":[{"href":"https:\/\/www.prosilva.ch\/fr\/wp-json\/wp\/v2\/pages\/2108","targetHints":{"allow":["GET"]}}],"collection":[{"href":"https:\/\/www.prosilva.ch\/fr\/wp-json\/wp\/v2\/pages"}],"about":[{"href":"https:\/\/www.prosilva.ch\/fr\/wp-json\/wp\/v2\/types\/page"}],"author":[{"embeddable":true,"href":"https:\/\/www.prosilva.ch\/fr\/wp-json\/wp\/v2\/users\/1"}],"replies":[{"embeddable":true,"href":"https:\/\/www.prosilva.ch\/fr\/wp-json\/wp\/v2\/comments?post=2108"}],"version-history":[{"count":15,"href":"https:\/\/www.prosilva.ch\/fr\/wp-json\/wp\/v2\/pages\/2108\/revisions"}],"predecessor-version":[{"id":2362,"href":"https:\/\/www.prosilva.ch\/fr\/wp-json\/wp\/v2\/pages\/2108\/revisions\/2362"}],"wp:attachment":[{"href":"https:\/\/www.prosilva.ch\/fr\/wp-json\/wp\/v2\/media?parent=2108"}],"curies":[{"name":"wp","href":"https:\/\/api.w.org\/{rel}","templated":true}]}}