{"id":2228,"date":"2021-03-26T10:31:38","date_gmt":"2021-03-26T10:31:38","guid":{"rendered":"https:\/\/www.prosilva.ch\/ps2021\/acceuil\/"},"modified":"2026-02-02T09:58:31","modified_gmt":"2026-02-02T08:58:31","slug":"acceuil","status":"publish","type":"page","link":"https:\/\/www.prosilva.ch\/fr\/","title":{"rendered":"Acceuil"},"content":{"rendered":"<p><div class=\"fusion-fullwidth fullwidth-box fusion-builder-row-1 fusion-flex-container fusion-parallax-none hundred-percent-fullwidth hundred-percent-height non-hundred-percent-height-scrolling lazyload\" style=\"--awb-background-position:left top;--awb-background-blend-mode:overlay;--awb-border-sizes-top:0px;--awb-border-sizes-bottom:0px;--awb-border-sizes-left:0px;--awb-border-sizes-right:0px;--awb-border-radius-top-left:0px;--awb-border-radius-top-right:0px;--awb-border-radius-bottom-right:0px;--awb-border-radius-bottom-left:0px;--awb-background-color:rgba(0,0,0,0.15);--awb-background-size:cover;--awb-flex-wrap:wrap;\" data-bg=\"https:\/\/www.prosilva.ch\/ps2021\/wp-content\/uploads\/2020\/09\/startbild-prosilva.jpg\" ><div class=\"fusion-builder-row fusion-row fusion-flex-align-items-flex-start fusion-flex-content-wrap\" style=\"width:calc( 100% + 0px ) !important;max-width:calc( 100% + 0px ) !important;margin-left: calc(-0px \/ 2 );margin-right: calc(-0px \/ 2 );\"><div class=\"fusion-layout-column fusion_builder_column fusion-builder-column-0 fusion_builder_column_3_4 3_4 fusion-flex-column fusion-flex-align-self-stretch\" style=\"--awb-bg-size:cover;--awb-width-large:75%;--awb-margin-top-large:0px;--awb-spacing-right-large:0px;--awb-margin-bottom-large:0px;--awb-spacing-left-large:0px;--awb-width-medium:100%;--awb-spacing-right-medium:0px;--awb-spacing-left-medium:0px;--awb-width-small:100%;--awb-spacing-right-small:0px;--awb-spacing-left-small:0px;\"><div class=\"fusion-column-wrapper fusion-flex-justify-content-center fusion-content-layout-column\"><div class=\"fusion-title title fusion-title-1 fusion-sep-none fusion-title-text fusion-title-size-one\" style=\"--awb-margin-bottom:100px;--awb-font-size:64px;\"><h1 class=\"fusion-title-heading title-heading-left fusion-responsive-typography-calculated\" style=\"margin:0;font-size:1em;--fontSize:64;line-height:1.2;\">ProSilvaSuisse<br \/>\nS\u2019engage pour la for\u00eat p\u00e9renne depuis 1992<\/h1><\/div><\/div><\/div><\/div><\/div><div class=\"fusion-fullwidth fullwidth-box fusion-builder-row-2 fusion-flex-container hundred-percent-fullwidth non-hundred-percent-height-scrolling\" style=\"--awb-background-position:right center;--awb-border-sizes-top:0px;--awb-border-sizes-bottom:0px;--awb-border-sizes-left:0px;--awb-border-sizes-right:0px;--awb-border-radius-top-left:0px;--awb-border-radius-top-right:0px;--awb-border-radius-bottom-right:0px;--awb-border-radius-bottom-left:0px;--awb-padding-top:80px;--awb-padding-bottom:100px;--awb-padding-top-small:50px;--awb-margin-bottom:5px;--awb-background-color:#00a35b;--awb-flex-wrap:wrap;\" ><div class=\"fusion-builder-row fusion-row fusion-flex-align-items-flex-start fusion-flex-content-wrap\" style=\"width:calc( 100% + 0px ) !important;max-width:calc( 100% + 0px ) !important;margin-left: calc(-0px \/ 2 );margin-right: calc(-0px \/ 2 );\"><div class=\"fusion-layout-column fusion_builder_column fusion-builder-column-1 fusion_builder_column_3_4 3_4 fusion-flex-column\" style=\"--awb-padding-right:6%;--awb-padding-bottom:80px;--awb-padding-right-medium:0%;--awb-padding-right-small:0%;--awb-bg-size:cover;--awb-width-large:75%;--awb-margin-top-large:0px;--awb-spacing-right-large:0px;--awb-margin-bottom-large:0px;--awb-spacing-left-large:0px;--awb-width-medium:100%;--awb-spacing-right-medium:0px;--awb-spacing-left-medium:0px;--awb-width-small:100%;--awb-spacing-right-small:0px;--awb-spacing-left-small:0px;\"><div class=\"fusion-column-wrapper fusion-flex-justify-content-flex-start fusion-content-layout-column\"><div class=\"fusion-text fusion-text-1 textstartseite\" style=\"--awb-font-size:30px;--awb-line-height:2em;--awb-text-color:#dbf2e8;\"><p>La gestion de la for\u00eat p\u00e9renne, gestion foresti\u00e8re naturelle selon le principe de la futaie jardin\u00e9e, se base sur l&rsquo;\u00e9cosyst\u00e8me forestier naturel, le prend en charge, l&rsquo;entretient et le soigne de fa\u00e7on durable et remplit ainsi de mani\u00e8re multifonctionnelle et simultan\u00e9e les prestations de services foresti\u00e8res les plus diverses.<\/p>\n<p>ProSilvaSuisse encourage cette gestion multifonctionnelle de la for\u00eat p\u00e9renne en pr\u00e9parant, transf\u00e9-rant et archivant les connaissances issues de sa pratique, en particulier au niveau de la sylviculture et de la planification foresti\u00e8re.<\/p>\n<\/div><div ><a class=\"fusion-button button-flat button-xlarge button-custom fusion-button-default button-1 fusion-button-default-span fusion-button-default-type\" style=\"--button_accent_color:#dbf2e8;--button_border_color:#dbf2e8;--button_accent_hover_color:#ffffff;--button_border_hover_color:#ffffff;--button_border_width-top:1px;--button_border_width-right:1px;--button_border_width-bottom:1px;--button_border_width-left:1px;--button-border-radius-top-left:10px;--button-border-radius-top-right:10px;--button-border-radius-bottom-right:10px;--button-border-radius-bottom-left:10px;--button_gradient_top_color:#00a35b;--button_gradient_bottom_color:#00a35b;--button_gradient_top_color_hover:#00a35b;--button_gradient_bottom_color_hover:#00a35b;--button_margin-top:20px;\" target=\"_self\" href=\"https:\/\/www.prosilva.ch\/fr\/association\/\"><span class=\"fusion-button-text awb-button__text awb-button__text--default\">DEVENIR MEMBRE<\/span><\/a><\/div><\/div><\/div><div class=\"fusion-layout-column fusion_builder_column fusion-builder-column-2 fusion_builder_column_1_4 1_4 fusion-flex-column\" style=\"--awb-bg-size:cover;--awb-width-large:25%;--awb-margin-top-large:0px;--awb-spacing-right-large:0px;--awb-margin-bottom-large:0px;--awb-spacing-left-large:0px;--awb-width-medium:100%;--awb-order-medium:0;--awb-spacing-right-medium:0px;--awb-spacing-left-medium:0px;--awb-width-small:100%;--awb-order-small:0;--awb-spacing-right-small:0px;--awb-spacing-left-small:0px;\"><div class=\"fusion-column-wrapper fusion-column-has-shadow fusion-flex-justify-content-flex-start fusion-content-layout-column\"><div class=\"fusion-title title fusion-title-2 fusion-sep-none fusion-title-text fusion-title-size-four\" style=\"--awb-text-color:#dbf2e8;--awb-margin-top:8px;\"><h4 class=\"fusion-title-heading title-heading-left fusion-responsive-typography-calculated\" style=\"margin:0;--fontSize:20;--minFontSize:20;line-height:2;\">POINTS DE VUE<\/h4><\/div><div class=\"accordian fusion-accordian anrisse-start\" style=\"--awb-border-size:0px;--awb-icon-size:26px;--awb-content-font-size:20px;--awb-icon-alignment:left;--awb-hover-color:#17ac6a;--awb-border-color:#e2e2e2;--awb-background-color:#17ac6a;--awb-divider-color:#eae8e8;--awb-divider-hover-color:#eae8e8;--awb-icon-color:#ffffff;--awb-title-color:#333333;--awb-content-color:#000000;--awb-icon-box-color:#17ac6a;--awb-toggle-hover-accent-color:#17ac6a;--awb-title-font-family:&quot;Inter&quot;;--awb-title-font-weight:700;--awb-title-font-style:normal;--awb-title-font-size:20px;--awb-title-letter-spacing:0px;--awb-title-line-height:2;--awb-content-font-family:&quot;Inter&quot;;--awb-content-font-style:normal;--awb-content-font-weight:300;\"><div class=\"panel-group fusion-toggle-icon-boxed\" id=\"accordion-2228-1\"><div class=\"fusion-panel panel-default panel-c62a208dcd96ba367 fusion-toggle-no-divider fusion-toggle-boxed-mode\"><div class=\"panel-heading\"><h4 class=\"panel-title toggle\" id=\"toggle_c62a208dcd96ba367\"><a aria-expanded=\"false\" aria-controls=\"c62a208dcd96ba367\" role=\"button\" data-toggle=\"collapse\" data-parent=\"#accordion-2228-1\" data-target=\"#c62a208dcd96ba367\" href=\"#c62a208dcd96ba367\"><span class=\"fusion-toggle-icon-wrapper\" aria-hidden=\"true\"><i class=\"fa-fusion-box active-icon awb-icon-minus\" aria-hidden=\"true\"><\/i><i class=\"fa-fusion-box inactive-icon awb-icon-plus\" aria-hidden=\"true\"><\/i><\/span><span class=\"fusion-toggle-heading\">Sylviculture<\/span><\/a><\/h4><\/div><div id=\"c62a208dcd96ba367\" class=\"panel-collapse collapse \" aria-labelledby=\"toggle_c62a208dcd96ba367\"><div class=\"panel-body toggle-content fusion-clearfix\">\n<p><em><a href=\"https:\/\/www.prosilva.ch\/ps2021\/wp-content\/uploads\/2025\/11\/PS2025-Sargans_Mart-ConclSylv_F.pdf\" target=\"_blank\" rel=\"noopener\">Conclusion sylvicole<\/a> de l&rsquo;exercice de martelage Gonzenwald (for\u00eat de protection)<\/em><\/p>\n<p><em><a href=\"https:\/\/www.prosilva.ch\/ps2021\/wp-content\/uploads\/2022\/11\/PS2022-Thalheim_Anz-Sylviculture_F.pdf\" target=\"_blank\" rel=\"noopener\">Conclusion sylvicole<\/a><\/em> de l&rsquo;exercice de martelage Pfannenstiel (r\u00e9g\u00e9n\u00e9ration)<\/p>\n<p><em><a href=\"https:\/\/www.prosilva.ch\/ps2021\/wp-content\/uploads\/2022\/07\/PS2022-hetre_changement_climatique-sylviculture.pdf\" target=\"_blank\" rel=\"noopener\">Conclusion sylvicole<\/a><\/em> de l&rsquo;excursion \u00ab\u00a0Le he\u0302tre a\u0300 l\u2019heure du changement climatique\u00a0\u00bb<\/p>\n<p><em><a href=\"https:\/\/www.prosilva.ch\/ps2021\/wp-content\/uploads\/2022\/11\/PS2022-Thalheim_Anz-Sylviculture_F.pdf\" target=\"_blank\" rel=\"noopener\">Conclusion sylvicole<\/a><\/em> de l&rsquo;exercice de martelage Oberloo (ch\u00eane et grande valeur de l&rsquo;habitat)<\/p>\n<\/div><\/div><\/div><\/div><\/div><div class=\"fusion-title title fusion-title-3 fusion-sep-none fusion-title-text fusion-title-size-four\" style=\"--awb-text-color:#dbf2e8;--awb-margin-top:8px;\"><h4 class=\"fusion-title-heading title-heading-left fusion-responsive-typography-calculated\" style=\"margin:0;--fontSize:20;--minFontSize:20;line-height:2;\">MANIFESTATIONS<\/h4><\/div><div class=\"accordian fusion-accordian anrisse-start\" style=\"--awb-border-size:0px;--awb-icon-size:26px;--awb-content-font-size:20px;--awb-icon-alignment:left;--awb-hover-color:#17ac6a;--awb-border-color:#e2e2e2;--awb-background-color:#17ac6a;--awb-divider-color:#eae8e8;--awb-divider-hover-color:#eae8e8;--awb-icon-color:#ffffff;--awb-title-color:#333333;--awb-content-color:#000000;--awb-icon-box-color:#17ac6a;--awb-toggle-hover-accent-color:#17ac6a;--awb-title-font-family:&quot;Inter&quot;;--awb-title-font-weight:700;--awb-title-font-style:normal;--awb-title-font-size:20px;--awb-title-letter-spacing:0px;--awb-title-line-height:2;--awb-content-font-family:&quot;Inter&quot;;--awb-content-font-style:normal;--awb-content-font-weight:300;\"><div class=\"panel-group fusion-toggle-icon-boxed\" id=\"accordion-2228-2\"><div class=\"fusion-panel panel-default panel-03794f26eaf9243a8 fusion-toggle-no-divider fusion-toggle-boxed-mode\"><div class=\"panel-heading\"><h4 class=\"panel-title toggle\" id=\"toggle_03794f26eaf9243a8\"><a aria-expanded=\"false\" aria-controls=\"03794f26eaf9243a8\" role=\"button\" data-toggle=\"collapse\" data-parent=\"#accordion-2228-2\" data-target=\"#03794f26eaf9243a8\" href=\"#03794f26eaf9243a8\"><span class=\"fusion-toggle-icon-wrapper\" aria-hidden=\"true\"><i class=\"fa-fusion-box active-icon awb-icon-minus\" aria-hidden=\"true\"><\/i><i class=\"fa-fusion-box inactive-icon awb-icon-plus\" aria-hidden=\"true\"><\/i><\/span><span class=\"fusion-toggle-heading\">manifestations 2026<\/span><\/a><\/h4><\/div><div id=\"03794f26eaf9243a8\" class=\"panel-collapse collapse \" aria-labelledby=\"toggle_03794f26eaf9243a8\"><div class=\"panel-body toggle-content fusion-clearfix\">\n<p><a href=\"https:\/\/www.prosilva.ch\/fr\/actuel\/\">programme annuel<\/a><\/p>\n<\/div><\/div><\/div><\/div><\/div><div class=\"accordian fusion-accordian anrisse-start\" style=\"--awb-border-size:0px;--awb-icon-size:26px;--awb-content-font-size:20px;--awb-icon-alignment:left;--awb-hover-color:#17ac6a;--awb-border-color:#e2e2e2;--awb-background-color:#17ac6a;--awb-divider-color:#eae8e8;--awb-divider-hover-color:#eae8e8;--awb-icon-color:#ffffff;--awb-title-color:#333333;--awb-content-color:#000000;--awb-icon-box-color:#17ac6a;--awb-toggle-hover-accent-color:#17ac6a;--awb-title-font-family:&quot;Inter&quot;;--awb-title-font-weight:700;--awb-title-font-style:normal;--awb-title-font-size:20px;--awb-title-letter-spacing:0px;--awb-title-line-height:2;--awb-content-font-family:&quot;Inter&quot;;--awb-content-font-style:normal;--awb-content-font-weight:300;\"><div class=\"panel-group fusion-toggle-icon-boxed\" id=\"accordion-2228-3\"><div class=\"fusion-panel panel-default panel-30bcb114d7e2031ae fusion-toggle-no-divider fusion-toggle-boxed-mode\"><div class=\"panel-heading\"><h4 class=\"panel-title toggle\" id=\"toggle_30bcb114d7e2031ae\"><a aria-expanded=\"false\" aria-controls=\"30bcb114d7e2031ae\" role=\"button\" data-toggle=\"collapse\" data-parent=\"#accordion-2228-3\" data-target=\"#30bcb114d7e2031ae\" href=\"#30bcb114d7e2031ae\"><span class=\"fusion-toggle-icon-wrapper\" aria-hidden=\"true\"><i class=\"fa-fusion-box active-icon awb-icon-minus\" aria-hidden=\"true\"><\/i><i class=\"fa-fusion-box inactive-icon awb-icon-plus\" aria-hidden=\"true\"><\/i><\/span><span class=\"fusion-toggle-heading\">Cours de base \u00e0 la gestion de la for\u00eat p\u00e9renne<\/span><\/a><\/h4><\/div><div id=\"30bcb114d7e2031ae\" class=\"panel-collapse collapse \" aria-labelledby=\"toggle_30bcb114d7e2031ae\"><div class=\"panel-body toggle-content fusion-clearfix\">\n<p><a href=\"https:\/\/www.prosilva.ch\/fr\/actuel\/\">Dates\/programme<\/a><\/p>\n<\/div><\/div><\/div><\/div><\/div><div class=\"fusion-title title fusion-title-4 fusion-sep-none fusion-title-text fusion-title-size-four\" style=\"--awb-text-color:#dbf2e8;--awb-margin-top:20px;\"><h4 class=\"fusion-title-heading title-heading-left fusion-responsive-typography-calculated\" style=\"margin:0;--fontSize:20;--minFontSize:20;line-height:2;\">ASSOCIATION<\/h4><\/div><div class=\"accordian fusion-accordian anrisse-start\" style=\"--awb-border-size:0px;--awb-icon-size:26px;--awb-content-font-size:20px;--awb-icon-alignment:left;--awb-hover-color:#17ac6a;--awb-border-color:#e2e2e2;--awb-background-color:#17ac6a;--awb-divider-color:#eae8e8;--awb-divider-hover-color:#eae8e8;--awb-icon-color:#ffffff;--awb-title-color:#333333;--awb-content-color:#000000;--awb-icon-box-color:#17ac6a;--awb-toggle-hover-accent-color:#17ac6a;--awb-title-font-family:&quot;Inter&quot;;--awb-title-font-weight:700;--awb-title-font-style:normal;--awb-title-font-size:20px;--awb-title-letter-spacing:0px;--awb-title-line-height:2;--awb-content-font-family:&quot;Inter&quot;;--awb-content-font-style:normal;--awb-content-font-weight:300;\"><div class=\"panel-group fusion-toggle-icon-boxed\" id=\"accordion-2228-4\"><div class=\"fusion-panel panel-default panel-cace589b8606cac90 fusion-toggle-no-divider fusion-toggle-boxed-mode\"><div class=\"panel-heading\"><h4 class=\"panel-title toggle\" id=\"toggle_cace589b8606cac90\"><a aria-expanded=\"false\" aria-controls=\"cace589b8606cac90\" role=\"button\" data-toggle=\"collapse\" data-parent=\"#accordion-2228-4\" data-target=\"#cace589b8606cac90\" href=\"#cace589b8606cac90\"><span class=\"fusion-toggle-icon-wrapper\" aria-hidden=\"true\"><i class=\"fa-fusion-box active-icon awb-icon-minus\" aria-hidden=\"true\"><\/i><i class=\"fa-fusion-box inactive-icon awb-icon-plus\" aria-hidden=\"true\"><\/i><\/span><span class=\"fusion-toggle-heading\">Assembl\u00e9e g\u00e9n\u00e9rale 2026<\/span><\/a><\/h4><\/div><div id=\"cace589b8606cac90\" class=\"panel-collapse collapse \" aria-labelledby=\"toggle_cace589b8606cac90\"><div class=\"panel-body toggle-content fusion-clearfix\">\n<p>30 avril 2026, r\u00e9gion de Neuch\u00e2tel<\/p>\n<\/div><\/div><\/div><\/div><\/div><\/div><\/div><\/div><\/div><div class=\"fusion-fullwidth fullwidth-box fusion-builder-row-3 fusion-flex-container hundred-percent-fullwidth non-hundred-percent-height-scrolling\" style=\"--awb-border-radius-top-left:0px;--awb-border-radius-top-right:0px;--awb-border-radius-bottom-right:0px;--awb-border-radius-bottom-left:0px;--awb-padding-right:0px;--awb-padding-left:0px;--awb-padding-bottom-small:0px;--awb-flex-wrap:wrap;\" ><div class=\"fusion-builder-row fusion-row fusion-flex-align-items-stretch fusion-flex-content-wrap\" style=\"width:calc( 100% + 0px ) !important;max-width:calc( 100% + 0px ) !important;margin-left: calc(-0px \/ 2 );margin-right: calc(-0px \/ 2 );\"><div class=\"fusion-layout-column fusion_builder_column fusion-builder-column-3 fusion_builder_column_1_2 1_2 fusion-flex-column\" style=\"--awb-padding-top:100px;--awb-padding-right:8%;--awb-padding-bottom:100px;--awb-padding-left:16%;--awb-padding-right-medium:8%;--awb-padding-left-medium:8%;--awb-padding-right-small:8%;--awb-padding-left-small:8%;--awb-bg-color:#00a35b;--awb-bg-color-hover:#00a35b;--awb-bg-size:cover;--awb-width-large:50%;--awb-margin-top-large:0px;--awb-spacing-right-large:0px;--awb-margin-bottom-large:0px;--awb-spacing-left-large:0px;--awb-width-medium:100%;--awb-order-medium:0;--awb-spacing-right-medium:0px;--awb-spacing-left-medium:0px;--awb-width-small:100%;--awb-order-small:0;--awb-spacing-right-small:0px;--awb-spacing-left-small:0px;\"><div class=\"fusion-column-wrapper fusion-column-has-shadow fusion-flex-justify-content-flex-start fusion-content-layout-column\"><div class=\"fusion-title title fusion-title-5 fusion-sep-none fusion-title-text fusion-title-size-two\" style=\"--awb-text-color:#ffffff;--awb-margin-bottom:40px;--awb-font-size:44px;\"><h2 class=\"fusion-title-heading title-heading-left fusion-responsive-typography-calculated\" style=\"margin:0;font-size:1em;--fontSize:44;line-height:1.2;\">La for\u00eat p\u00e9renne \u2013 une description<\/h2><\/div><div class=\"fusion-image-element \" style=\"--awb-margin-bottom:20px;--awb-caption-title-font-family:var(--h2_typography-font-family);--awb-caption-title-font-weight:var(--h2_typography-font-weight);--awb-caption-title-font-style:var(--h2_typography-font-style);--awb-caption-title-size:var(--h2_typography-font-size);--awb-caption-title-transform:var(--h2_typography-text-transform);--awb-caption-title-line-height:var(--h2_typography-line-height);--awb-caption-title-letter-spacing:var(--h2_typography-letter-spacing);\"><span class=\" fusion-imageframe imageframe-none imageframe-1 hover-type-none\"><img decoding=\"async\" width=\"1500\" height=\"937\" title=\"Wald3\" src=\"https:\/\/www.prosilva.ch\/ps2021\/wp-content\/uploads\/2020\/09\/dauerwald-1.jpg\" data-orig-src=\"https:\/\/www.prosilva.ch\/ps2021\/wp-content\/uploads\/2020\/09\/dauerwald-1.jpg\" alt class=\"lazyload img-responsive wp-image-1996\" srcset=\"data:image\/svg+xml,%3Csvg%20xmlns%3D%27http%3A%2F%2Fwww.w3.org%2F2000%2Fsvg%27%20width%3D%271500%27%20height%3D%27937%27%20viewBox%3D%270%200%201500%20937%27%3E%3Crect%20width%3D%271500%27%20height%3D%27937%27%20fill-opacity%3D%220%22%2F%3E%3C%2Fsvg%3E\" data-srcset=\"https:\/\/www.prosilva.ch\/ps2021\/wp-content\/uploads\/2020\/09\/dauerwald-1-200x125.jpg 200w, https:\/\/www.prosilva.ch\/ps2021\/wp-content\/uploads\/2020\/09\/dauerwald-1-400x250.jpg 400w, https:\/\/www.prosilva.ch\/ps2021\/wp-content\/uploads\/2020\/09\/dauerwald-1-600x375.jpg 600w, https:\/\/www.prosilva.ch\/ps2021\/wp-content\/uploads\/2020\/09\/dauerwald-1-800x500.jpg 800w, https:\/\/www.prosilva.ch\/ps2021\/wp-content\/uploads\/2020\/09\/dauerwald-1-1200x750.jpg 1200w, https:\/\/www.prosilva.ch\/ps2021\/wp-content\/uploads\/2020\/09\/dauerwald-1.jpg 1500w\" data-sizes=\"auto\" data-orig-sizes=\"(max-width: 1024px) 100vw, (max-width: 640px) 100vw, 600px\" \/><\/span><\/div><div class=\"fusion-text fusion-text-2 textstartseite\" style=\"--awb-font-size:30px;--awb-line-height:2em;--awb-text-color:#dbf2e8;\"><p>Les ann\u00e9es 20 ont \u00e9t\u00e9 marqu\u00e9es par le mot \u00abfor\u00eat p\u00e9renne\u00bb introduit par Alfred M\u00f6ller. Il d\u00e9crit la for\u00eat comme un \u00eatre vivant \u00e9ternel \u2013 sans d\u00e9but ni fin \u2013 et sa gestion, comme p\u00e9renne. Aujourd\u2019hui, nous d\u00e9crivons cela de mani\u00e8re un peu plus moderne de la fa\u00e7on suivante\u00a0:<\/p>\n<\/div><div ><a class=\"fusion-button button-flat button-xlarge button-custom fusion-button-default button-2 fusion-button-default-span fusion-button-default-type\" style=\"--button_accent_color:#dbf2e8;--button_border_color:#dbf2e8;--button_accent_hover_color:#ffffff;--button_border_hover_color:#ffffff;--button_border_width-top:1px;--button_border_width-right:1px;--button_border_width-bottom:1px;--button_border_width-left:1px;--button_gradient_top_color:#00a35b;--button_gradient_bottom_color:#00a35b;--button_gradient_top_color_hover:#00a35b;--button_gradient_bottom_color_hover:#00a35b;--button_margin-top:20px;--button_margin-bottom:0px;\" target=\"_self\" href=\"https:\/\/www.prosilva.ch\/fr\/definition\/\"><span class=\"fusion-button-text awb-button__text awb-button__text--default\">en savoir plus \u2026<\/span><\/a><\/div><\/div><\/div><div class=\"fusion-layout-column fusion_builder_column fusion-builder-column-4 fusion_builder_column_1_2 1_2 fusion-flex-column\" style=\"--awb-padding-top:100px;--awb-padding-right:16%;--awb-padding-bottom:150px;--awb-padding-left:8%;--awb-padding-right-medium:8%;--awb-padding-left-medium:8%;--awb-padding-top-small:0px;--awb-padding-right-small:8%;--awb-padding-left-small:8%;--awb-bg-color:#00a35b;--awb-bg-color-hover:#00a35b;--awb-bg-size:cover;--awb-width-large:50%;--awb-margin-top-large:0px;--awb-spacing-right-large:0px;--awb-margin-bottom-large:0px;--awb-spacing-left-large:0px;--awb-width-medium:100%;--awb-order-medium:0;--awb-spacing-right-medium:0px;--awb-spacing-left-medium:0px;--awb-width-small:100%;--awb-order-small:0;--awb-spacing-right-small:0px;--awb-spacing-left-small:0px;\"><div class=\"fusion-column-wrapper fusion-column-has-shadow fusion-flex-justify-content-flex-start fusion-content-layout-column\"><div class=\"fusion-title title fusion-title-6 fusion-sep-none fusion-title-text fusion-title-size-two\" style=\"--awb-text-color:#ffffff;--awb-margin-bottom:40px;--awb-font-size:44px;\"><h2 class=\"fusion-title-heading title-heading-left fusion-responsive-typography-calculated\" style=\"margin:0;font-size:1em;--fontSize:44;line-height:1.2;\">Nos aide-m\u00e9moire pratiques<\/h2><\/div><div class=\"fusion-image-element \" style=\"--awb-margin-bottom:20px;--awb-caption-title-font-family:var(--h2_typography-font-family);--awb-caption-title-font-weight:var(--h2_typography-font-weight);--awb-caption-title-font-style:var(--h2_typography-font-style);--awb-caption-title-size:var(--h2_typography-font-size);--awb-caption-title-transform:var(--h2_typography-text-transform);--awb-caption-title-line-height:var(--h2_typography-line-height);--awb-caption-title-letter-spacing:var(--h2_typography-letter-spacing);\"><span class=\" fusion-imageframe imageframe-none imageframe-2 hover-type-none\"><img decoding=\"async\" width=\"2000\" height=\"1250\" title=\"checkkarten-start\" src=\"https:\/\/www.prosilva.ch\/ps2021\/wp-content\/uploads\/2020\/09\/checkkarten-start.jpg\" data-orig-src=\"https:\/\/www.prosilva.ch\/ps2021\/wp-content\/uploads\/2020\/09\/checkkarten-start.jpg\" alt class=\"lazyload img-responsive wp-image-1564\" srcset=\"data:image\/svg+xml,%3Csvg%20xmlns%3D%27http%3A%2F%2Fwww.w3.org%2F2000%2Fsvg%27%20width%3D%272000%27%20height%3D%271250%27%20viewBox%3D%270%200%202000%201250%27%3E%3Crect%20width%3D%272000%27%20height%3D%271250%27%20fill-opacity%3D%220%22%2F%3E%3C%2Fsvg%3E\" data-srcset=\"https:\/\/www.prosilva.ch\/ps2021\/wp-content\/uploads\/2020\/09\/checkkarten-start-200x125.jpg 200w, https:\/\/www.prosilva.ch\/ps2021\/wp-content\/uploads\/2020\/09\/checkkarten-start-400x250.jpg 400w, https:\/\/www.prosilva.ch\/ps2021\/wp-content\/uploads\/2020\/09\/checkkarten-start-600x375.jpg 600w, https:\/\/www.prosilva.ch\/ps2021\/wp-content\/uploads\/2020\/09\/checkkarten-start-800x500.jpg 800w, https:\/\/www.prosilva.ch\/ps2021\/wp-content\/uploads\/2020\/09\/checkkarten-start-1200x750.jpg 1200w, https:\/\/www.prosilva.ch\/ps2021\/wp-content\/uploads\/2020\/09\/checkkarten-start.jpg 2000w\" data-sizes=\"auto\" data-orig-sizes=\"(max-width: 1024px) 100vw, (max-width: 640px) 100vw, 600px\" \/><\/span><\/div><div class=\"fusion-text fusion-text-3 textstartseite\" style=\"--awb-font-size:30px;--awb-line-height:2em;--awb-text-color:#dbf2e8;\"><p data-fusion-font=\"true\">avec des directives et des tuyaux utiles, des d\u00e9finitions et des graphiques compr\u00e9hensibles, et de m\u00eame format que les aide-m\u00e9moire de la formation foresti\u00e8re.<br \/>\n<em><strong>Nuovo anche in italiano<\/strong><\/em><\/p>\n<\/div><div ><a class=\"fusion-button button-flat button-xlarge button-custom fusion-button-default button-3 fusion-button-default-span fusion-button-default-type\" style=\"--button_accent_color:#dbf2e8;--button_border_color:#dbf2e8;--button_accent_hover_color:#ffffff;--button_border_hover_color:#ffffff;--button_border_width-top:1px;--button_border_width-right:1px;--button_border_width-bottom:1px;--button_border_width-left:1px;--button_gradient_top_color:#00a35b;--button_gradient_bottom_color:#00a35b;--button_gradient_top_color_hover:#00a35b;--button_gradient_bottom_color_hover:#00a35b;--button_margin-top:20px;\" target=\"_self\" href=\"https:\/\/www.prosilva.ch\/fr\/aide-memoires\/\"><span class=\"fusion-button-text awb-button__text awb-button__text--default\">en savoir plus \u2026<\/span><\/a><\/div><\/div><\/div><\/div><\/div><\/p>\n","protected":false},"excerpt":{"rendered":"","protected":false},"author":1,"featured_media":0,"parent":0,"menu_order":0,"comment_status":"closed","ping_status":"closed","template":"100-width.php","meta":{"footnotes":""},"class_list":["post-2228","page","type-page","status-publish","hentry"],"_links":{"self":[{"href":"https:\/\/www.prosilva.ch\/fr\/wp-json\/wp\/v2\/pages\/2228","targetHints":{"allow":["GET"]}}],"collection":[{"href":"https:\/\/www.prosilva.ch\/fr\/wp-json\/wp\/v2\/pages"}],"about":[{"href":"https:\/\/www.prosilva.ch\/fr\/wp-json\/wp\/v2\/types\/page"}],"author":[{"embeddable":true,"href":"https:\/\/www.prosilva.ch\/fr\/wp-json\/wp\/v2\/users\/1"}],"replies":[{"embeddable":true,"href":"https:\/\/www.prosilva.ch\/fr\/wp-json\/wp\/v2\/comments?post=2228"}],"version-history":[{"count":146,"href":"https:\/\/www.prosilva.ch\/fr\/wp-json\/wp\/v2\/pages\/2228\/revisions"}],"predecessor-version":[{"id":5372,"href":"https:\/\/www.prosilva.ch\/fr\/wp-json\/wp\/v2\/pages\/2228\/revisions\/5372"}],"wp:attachment":[{"href":"https:\/\/www.prosilva.ch\/fr\/wp-json\/wp\/v2\/media?parent=2228"}],"curies":[{"name":"wp","href":"https:\/\/api.w.org\/{rel}","templated":true}]}}