{"id":2435,"date":"2021-04-15T15:25:33","date_gmt":"2021-04-15T15:25:33","guid":{"rendered":"https:\/\/www.prosilva.ch\/ps2021\/principes\/"},"modified":"2022-10-25T06:24:49","modified_gmt":"2022-10-25T06:24:49","slug":"principes","status":"publish","type":"page","link":"https:\/\/www.prosilva.ch\/fr\/principes\/","title":{"rendered":"Principes"},"content":{"rendered":"<p><div class=\"fusion-fullwidth fullwidth-box fusion-builder-row-1 fusion-flex-container hundred-percent-fullwidth non-hundred-percent-height-scrolling\" style=\"--awb-background-position:left top;--awb-border-sizes-top:0px;--awb-border-sizes-bottom:0px;--awb-border-sizes-left:0px;--awb-border-sizes-right:0px;--awb-border-radius-top-left:0px;--awb-border-radius-top-right:0px;--awb-border-radius-bottom-right:0px;--awb-border-radius-bottom-left:0px;--awb-padding-top:209px;--awb-padding-bottom:54px;--awb-padding-top-small:60px;--awb-margin-bottom:100px;--awb-margin-bottom-small:60px;--awb-background-color:#00a35b;--awb-flex-wrap:wrap;\" ><div class=\"fusion-builder-row fusion-row fusion-flex-align-items-flex-start fusion-flex-content-wrap\" style=\"width:calc( 100% + 0px ) !important;max-width:calc( 100% + 0px ) !important;margin-left: calc(-0px \/ 2 );margin-right: calc(-0px \/ 2 );\"><div class=\"fusion-layout-column fusion_builder_column fusion-builder-column-0 fusion_builder_column_1_2 1_2 fusion-flex-column\" style=\"--awb-bg-blend:overlay;--awb-bg-size:cover;--awb-width-large:50%;--awb-margin-top-large:0px;--awb-spacing-right-large:0px;--awb-margin-bottom-large:0px;--awb-spacing-left-large:0px;--awb-width-medium:100%;--awb-spacing-right-medium:0px;--awb-spacing-left-medium:0px;--awb-width-small:100%;--awb-spacing-right-small:0px;--awb-spacing-left-small:0px;\"><div class=\"fusion-column-wrapper fusion-flex-justify-content-flex-start fusion-content-layout-column\"><div class=\"fusion-title title fusion-title-1 fusion-sep-none fusion-title-text fusion-title-size-one\"><h1 class=\"fusion-title-heading title-heading-left fusion-responsive-typography-calculated\" style=\"margin:0;--fontSize:48;line-height:1.2;\">Quels sont les principes appliqu\u00e9s ?<\/h1><\/div><\/div><\/div><\/div><\/div><div class=\"fusion-fullwidth fullwidth-box fusion-builder-row-2 fusion-flex-container hundred-percent-fullwidth non-hundred-percent-height-scrolling\" style=\"--awb-background-position:right center;--awb-border-sizes-top:0px;--awb-border-sizes-bottom:0px;--awb-border-sizes-left:0px;--awb-border-sizes-right:0px;--awb-border-radius-top-left:0px;--awb-border-radius-top-right:0px;--awb-border-radius-bottom-right:0px;--awb-border-radius-bottom-left:0px;--awb-margin-bottom:200px;--awb-flex-wrap:wrap;\" ><div class=\"fusion-builder-row fusion-row fusion-flex-align-items-flex-start fusion-flex-content-wrap\" style=\"width:110% !important;max-width:110% !important;margin-left: calc(-10% \/ 2 );margin-right: calc(-10% \/ 2 );\"><div class=\"fusion-layout-column fusion_builder_column fusion-builder-column-1 fusion_builder_column_1_2 1_2 fusion-flex-column\" style=\"--awb-bg-blend:overlay;--awb-bg-size:cover;--awb-width-large:50%;--awb-margin-top-large:0px;--awb-spacing-right-large:9%;--awb-margin-bottom-large:0px;--awb-spacing-left-large:9%;--awb-width-medium:100%;--awb-spacing-right-medium:4.5%;--awb-spacing-left-medium:4.5%;--awb-width-small:100%;--awb-spacing-right-small:4.5%;--awb-spacing-left-small:4.5%;\"><div class=\"fusion-column-wrapper fusion-flex-justify-content-flex-start fusion-content-layout-column\"><div class=\"fusion-title title fusion-title-2 fusion-sep-none fusion-title-text fusion-title-size-two\" style=\"--awb-margin-bottom:30px;\"><h2 class=\"fusion-title-heading title-heading-left fusion-responsive-typography-calculated\" style=\"margin:0;--fontSize:34;line-height:1.2;\">G\u00e9n\u00e9ralit\u00e9s<\/h2><\/div><div class=\"fusion-text fusion-text-1\"><ul>\n<li>En for\u00eat p\u00e9renne, on produit du bois de qualit\u00e9.<\/li>\n<li>L\u2019\u00e9cosyst\u00e8me forestier de la station est enti\u00e8rement pr\u00e9serv\u00e9 et, de plus, la for\u00eat est multifonctionnelle de fa\u00e7on optimale et durable.<\/li>\n<li>Les processus naturels de renouvellement, de s\u00e9lection et de diff\u00e9renciation sont ex-ploit\u00e9s, ce qui permet de r\u00e9duire les co\u00fbts de gestion.<\/li>\n<\/ul>\n<\/div><div class=\"fusion-title title fusion-title-3 fusion-sep-none fusion-title-text fusion-title-size-two\" style=\"--awb-margin-top:40px;--awb-margin-bottom:30px;\"><h2 class=\"fusion-title-heading title-heading-left fusion-responsive-typography-calculated\" style=\"margin:0;--fontSize:34;line-height:1.2;\">Sylviculture<\/h2><\/div><div class=\"fusion-text fusion-text-2\"><ul>\n<li>Le martelage est l\u2019activit\u00e9 sylvicole centrale qui accompagne l\u2019\u00e9cosyst\u00e8me forestier et permet d\u2019atteindre les buts.<\/li>\n<li>Les interventions comprennent la r\u00e9colte soigneuse des bois et, dans la m\u00eame an-n\u00e9e, le passage apr\u00e8s coupe et les soins \u00e0 la jeune for\u00eat.<\/li>\n<li>Les interventions ont lieu selon des rotations r\u00e9guli\u00e8res et s\u2019\u00e9tendent \u00e0 toute la sur-face de l\u2019unit\u00e9 de gestion.<\/li>\n<li>Les interventions ont lieu gr\u00e2ce \u00e0 une technique de r\u00e9colte adapt\u00e9e qui pr\u00e9serve le sol et le peuplement.<\/li>\n<li>L\u2019arbre est un moyen de production quand il est debout, un produit quand il est abat-tu. On cherche \u00e0 avoir des individus vigoureux et stables, et \u00e0 profiter de fa\u00e7on opti-male de leurs capacit\u00e9s individuelles de rendement. L\u2019arbre est r\u00e9colt\u00e9 lorsqu\u2019il atteint sa valeur \u00e9conomique maximale.<\/li>\n<li>Par principe, la r\u00e9g\u00e9n\u00e9ration s\u2019installe naturellement sous couvert et dans les puits de lumi\u00e8re form\u00e9s lors de la r\u00e9colte. Il faut pour cela avoir des semenciers appropri\u00e9s et des densit\u00e9s de gibier acceptables.<\/li>\n<\/ul>\n<\/div><div class=\"fusion-title title fusion-title-4 fusion-sep-none fusion-title-text fusion-title-size-two\" style=\"--awb-margin-top:40px;--awb-margin-bottom:30px;\"><h2 class=\"fusion-title-heading title-heading-left fusion-responsive-typography-calculated\" style=\"margin:0;--fontSize:34;line-height:1.2;\">Ecologie<\/h2><\/div><div class=\"fusion-text fusion-text-3\"><ul>\n<li>Des essences en station et des essences importantes au plan \u00e9cologique ou des es-sences rares sont favoris\u00e9es.<\/li>\n<li>Des \u00e9l\u00e9ments de la for\u00eat naturelle comme des arbres biotopes ou du bois mort de-bout ou au sol sont int\u00e9gr\u00e9s.<\/li>\n<li>La fertilit\u00e9 du sol est pr\u00e9serv\u00e9e gr\u00e2ce \u00e0 des processus de r\u00e9colte adapt\u00e9s et au re-noncement \u00e0 la r\u00e9colte des bois en dessous de la limite de bois fort de 7 cm. C\u2019est-\u00e0-dire que le processus de r\u00e9colte int\u00e9grale de l\u2019arbre doit \u00eatre appliqu\u00e9 avec une cer-taine retenue.<\/li>\n<li>Un climat forestier interne favorable est maintenu continuellement gr\u00e2ce \u00e0 la pr\u00e9-sence de feuilles et d\u2019aiguilles assimilatrices \u00e0 toutes les hauteurs disponibles de l\u2019atmosph\u00e8re.<\/li>\n<li>La diversit\u00e9 g\u00e9n\u00e9tique est conserv\u00e9e gr\u00e2ce \u00e0 la r\u00e9g\u00e9n\u00e9ration naturelle.<\/li>\n<\/ul>\n<\/div><\/div><\/div><\/div><\/div><\/p>\n","protected":false},"excerpt":{"rendered":"","protected":false},"author":1,"featured_media":0,"parent":0,"menu_order":0,"comment_status":"closed","ping_status":"closed","template":"100-width.php","meta":{"footnotes":""},"class_list":["post-2435","page","type-page","status-publish","hentry"],"_links":{"self":[{"href":"https:\/\/www.prosilva.ch\/fr\/wp-json\/wp\/v2\/pages\/2435","targetHints":{"allow":["GET"]}}],"collection":[{"href":"https:\/\/www.prosilva.ch\/fr\/wp-json\/wp\/v2\/pages"}],"about":[{"href":"https:\/\/www.prosilva.ch\/fr\/wp-json\/wp\/v2\/types\/page"}],"author":[{"embeddable":true,"href":"https:\/\/www.prosilva.ch\/fr\/wp-json\/wp\/v2\/users\/1"}],"replies":[{"embeddable":true,"href":"https:\/\/www.prosilva.ch\/fr\/wp-json\/wp\/v2\/comments?post=2435"}],"version-history":[{"count":6,"href":"https:\/\/www.prosilva.ch\/fr\/wp-json\/wp\/v2\/pages\/2435\/revisions"}],"predecessor-version":[{"id":3858,"href":"https:\/\/www.prosilva.ch\/fr\/wp-json\/wp\/v2\/pages\/2435\/revisions\/3858"}],"wp:attachment":[{"href":"https:\/\/www.prosilva.ch\/fr\/wp-json\/wp\/v2\/media?parent=2435"}],"curies":[{"name":"wp","href":"https:\/\/api.w.org\/{rel}","templated":true}]}}