{"id":2443,"date":"2021-04-15T15:40:12","date_gmt":"2021-04-15T15:40:12","guid":{"rendered":"https:\/\/www.prosilva.ch\/ps2021\/planification\/"},"modified":"2023-02-02T10:00:28","modified_gmt":"2023-02-02T10:00:28","slug":"planification","status":"publish","type":"page","link":"https:\/\/www.prosilva.ch\/fr\/planification\/","title":{"rendered":"Planification"},"content":{"rendered":"<p><div class=\"fusion-fullwidth fullwidth-box fusion-builder-row-1 fusion-flex-container hundred-percent-fullwidth non-hundred-percent-height-scrolling\" style=\"--awb-background-position:left top;--awb-border-sizes-top:0px;--awb-border-sizes-bottom:0px;--awb-border-sizes-left:0px;--awb-border-sizes-right:0px;--awb-border-radius-top-left:0px;--awb-border-radius-top-right:0px;--awb-border-radius-bottom-right:0px;--awb-border-radius-bottom-left:0px;--awb-padding-top:209px;--awb-padding-bottom:54px;--awb-padding-top-small:60px;--awb-margin-bottom:100px;--awb-margin-bottom-small:60px;--awb-background-color:#00a35b;--awb-flex-wrap:wrap;\" ><div class=\"fusion-builder-row fusion-row fusion-flex-align-items-flex-start fusion-flex-content-wrap\" style=\"width:calc( 100% + 0px ) !important;max-width:calc( 100% + 0px ) !important;margin-left: calc(-0px \/ 2 );margin-right: calc(-0px \/ 2 );\"><div class=\"fusion-layout-column fusion_builder_column fusion-builder-column-0 fusion_builder_column_1_2 1_2 fusion-flex-column\" style=\"--awb-bg-size:cover;--awb-width-large:50%;--awb-margin-top-large:0px;--awb-spacing-right-large:0px;--awb-margin-bottom-large:0px;--awb-spacing-left-large:0px;--awb-width-medium:100%;--awb-spacing-right-medium:0px;--awb-spacing-left-medium:0px;--awb-width-small:100%;--awb-spacing-right-small:0px;--awb-spacing-left-small:0px;\"><div class=\"fusion-column-wrapper fusion-flex-justify-content-flex-start fusion-content-layout-column\"><div class=\"fusion-title title fusion-title-1 fusion-sep-none fusion-title-text fusion-title-size-one\"><h1 class=\"fusion-title-heading title-heading-left fusion-responsive-typography-calculated\" style=\"margin:0;--fontSize:48;line-height:1.2;\">Planification foresti\u00e8re &#8211; organiser, mesurer et contr\u00f4ler<\/h1><\/div><\/div><\/div><\/div><\/div><div class=\"fusion-fullwidth fullwidth-box fusion-builder-row-2 fusion-flex-container hundred-percent-fullwidth non-hundred-percent-height-scrolling\" style=\"--awb-background-position:right center;--awb-border-sizes-top:0px;--awb-border-sizes-bottom:0px;--awb-border-sizes-left:0px;--awb-border-sizes-right:0px;--awb-border-radius-top-left:0px;--awb-border-radius-top-right:0px;--awb-border-radius-bottom-right:0px;--awb-border-radius-bottom-left:0px;--awb-margin-bottom:200px;--awb-flex-wrap:wrap;\" ><div class=\"fusion-builder-row fusion-row fusion-flex-align-items-flex-start fusion-flex-content-wrap\" style=\"width:110% !important;max-width:110% !important;margin-left: calc(-10% \/ 2 );margin-right: calc(-10% \/ 2 );\"><div class=\"fusion-layout-column fusion_builder_column fusion-builder-column-1 fusion_builder_column_1_2 1_2 fusion-flex-column\" style=\"--awb-padding-bottom:50px;--awb-bg-size:cover;--awb-width-large:50%;--awb-margin-top-large:0px;--awb-spacing-right-large:9%;--awb-margin-bottom-large:0px;--awb-spacing-left-large:9%;--awb-width-medium:100%;--awb-spacing-right-medium:4.5%;--awb-spacing-left-medium:4.5%;--awb-width-small:100%;--awb-spacing-right-small:4.5%;--awb-spacing-left-small:4.5%;\"><div class=\"fusion-column-wrapper fusion-flex-justify-content-flex-start fusion-content-layout-column\"><div class=\"fusion-title title fusion-title-2 fusion-sep-none fusion-title-text fusion-title-size-two\" style=\"--awb-margin-bottom:30px;\"><h2 class=\"fusion-title-heading title-heading-left fusion-responsive-typography-calculated\" style=\"margin:0;--fontSize:34;line-height:1.2;\">Outils de planification<\/h2><\/div><div class=\"fusion-text fusion-text-1\"><p>Les outils essentiels et tr\u00e8s simples de planification sont :<\/p>\n<ul>\n<li>la rotation \u2013 d\u00e9rivant essentiellement de la station, resp. de l\u2019accroissement<\/li>\n<li>les unit\u00e9s de gestion ou divisions \u2013 c\u2019est-\u00e0-dire la division de toute la surface foresti\u00e8re en unit\u00e9s d\u2019intervention d\u2019apr\u00e8s le nombre d\u2019ann\u00e9es de rotation<\/li>\n<li>la possibilit\u00e9 et l\u2019estimation de la r\u00e9colte \u2013 \u00e9valu\u00e9es \u00e0 partir de l\u2019accroissement et du mat\u00e9-riel sur pied<\/li>\n<\/ul>\n<p>Comme toute la surface de la for\u00eat est parcourue r\u00e9guli\u00e8rement apr\u00e8s quelques ann\u00e9es seu-lement, 1) rien n\u2019est oubli\u00e9 et 2) une d\u00e9cision peut \u00eatre repouss\u00e9e \u00e0 la prochaine intervention qui aura lieu dans un futur proche.<\/p>\n<\/div><div class=\"fusion-title title fusion-title-3 fusion-sep-none fusion-title-text fusion-title-size-two\" style=\"--awb-margin-top:40px;--awb-margin-bottom:30px;\"><h2 class=\"fusion-title-heading title-heading-left fusion-responsive-typography-calculated\" style=\"margin:0;--fontSize:34;line-height:1.2;\">Grandeurs de contr\u00f4le<\/h2><\/div><div class=\"fusion-text fusion-text-2\"><p>Dans une for\u00eat p\u00e9renne bien structur\u00e9e, les grandeurs de contr\u00f4le telles que la r\u00e9partition du nombre de tiges, la surface terri\u00e8re et l\u2019accroissement ont fait leurs preuves. Ces nombres sont d\u00e9duits de la m\u00e9thode du contr\u00f4le classique.<br \/>DiOn ne peut pas obtenir un contr\u00f4le du rendement soutenu au moyen de la r\u00e9partition des stades de d\u00e9veloppement de la carte des peuplements.<\/p>\n<\/div><div class=\"fusion-title title fusion-title-4 fusion-sep-none fusion-title-text fusion-title-size-two\" style=\"--awb-margin-top:40px;--awb-margin-bottom:30px;\"><h2 class=\"fusion-title-heading title-heading-left fusion-responsive-typography-calculated\" style=\"margin:0;--fontSize:34;line-height:1.2;\">M\u00e9thode du contr\u00f4le<\/h2><\/div><div class=\"fusion-text fusion-text-3\"><p>La m\u00e9thode du contr\u00f4le au moyen d\u2019un inventaire par \u00e9chantillonnage ou m\u00eame pied par pied est co\u00fbteuse et ne fournit des r\u00e9sultats que sur de longues p\u00e9riodes de temps et sur de grandes surfaces (p. ex. unit\u00e9s de gestion). Il est plus appropri\u00e9 de relever des donn\u00e9es r\u00e9-centes sur les peuplements sur de petites surfaces de contr\u00f4le, pour illustrer, optimiser et faire un croquis des interventions sylvicoles concr\u00e8tes. On peut alors r\u00e9pondre aux questions suivantes :<\/p>\n<ul>\n<li>Est-ce que les buts (pr\u00e9l\u00e8vement de l\u2019accroissement, d\u00e9capitalisation ou capitalisa-tion) seront atteints, c\u2019est-\u00e0-dire est-ce que l\u2019intensit\u00e9 de l\u2019intervention est judicieuse ?<\/li>\n<li>Comment le peuplement et ses arbres de qualit\u00e9 se d\u00e9veloppent-ils avec le temps ?<\/li>\n<\/ul>\n<div>\n<\/div>\n<\/div><div class=\"fusion-title title fusion-title-5 fusion-sep-none fusion-title-text fusion-title-size-two\" style=\"--awb-margin-top:40px;--awb-margin-bottom:30px;\"><h2 class=\"fusion-title-heading title-heading-left fusion-responsive-typography-calculated\" style=\"margin:0;--fontSize:34;line-height:1.2;\">Surfaces de contr\u00f4le<\/h2><\/div><div class=\"fusion-text fusion-text-4\"><p>On doit pouvoir avoir une bonne vue d\u2019ensemble des surfaces de contr\u00f4le ; celles-ci doivent \u00eatre relativement homog\u00e8nes en ce qui concerne les essences et la structure. Elles ne devraient donc pas \u00eatre sup\u00e9rieures \u00e0 un hectare. Toutes les surfaces de contr\u00f4le de l\u2019exploitation doivent donner une image repr\u00e9sentative des stations et des types de peuple-ments existants. Elles doivent \u00eatre marqu\u00e9es de telle sorte qu\u2019on puisse les retrouver sans \u00e9quivoque. Les surfaces de contr\u00f4le sont inventori\u00e9es pied par pied au rythme de la rotation, lors d\u2019un passage distinct, apr\u00e8s le martelage.<\/p>\n<\/div><\/div><\/div><div class=\"fusion-layout-column fusion_builder_column fusion-builder-column-2 fusion_builder_column_1_2 1_2 fusion-flex-column\" style=\"--awb-bg-size:cover;--awb-width-large:50%;--awb-margin-top-large:0px;--awb-spacing-right-large:9%;--awb-margin-bottom-large:0px;--awb-spacing-left-large:9%;--awb-width-medium:100%;--awb-order-medium:0;--awb-spacing-right-medium:4.5%;--awb-spacing-left-medium:4.5%;--awb-width-small:100%;--awb-order-small:0;--awb-spacing-right-small:4.5%;--awb-spacing-left-small:4.5%;\"><div class=\"fusion-column-wrapper fusion-column-has-shadow fusion-flex-justify-content-flex-start fusion-content-layout-column\"><div class=\"fusion-title title fusion-title-6 fusion-sep-none fusion-title-text fusion-title-size-four\" style=\"--awb-margin-top:-7px;\"><h4 class=\"fusion-title-heading title-heading-left fusion-responsive-typography-calculated\" style=\"margin:0;--fontSize:20;--minFontSize:20;line-height:2;\">Graphique du nombre de tiges et de la surface terri\u00e8re<\/h4><\/div><div class=\"fusion-image-element \" style=\"--awb-caption-title-font-family:var(--h2_typography-font-family);--awb-caption-title-font-weight:var(--h2_typography-font-weight);--awb-caption-title-font-style:var(--h2_typography-font-style);--awb-caption-title-size:var(--h2_typography-font-size);--awb-caption-title-transform:var(--h2_typography-text-transform);--awb-caption-title-line-height:var(--h2_typography-line-height);--awb-caption-title-letter-spacing:var(--h2_typography-letter-spacing);\"><span class=\" fusion-imageframe imageframe-none imageframe-1 hover-type-none\"><img decoding=\"async\" width=\"2000\" height=\"2000\" title=\"planung\" src=\"data:image\/svg+xml,%3Csvg%20xmlns%3D%27http%3A%2F%2Fwww.w3.org%2F2000%2Fsvg%27%20width%3D%272000%27%20height%3D%272000%27%20viewBox%3D%270%200%202000%202000%27%3E%3Crect%20width%3D%272000%27%20height%3D%272000%27%20fill-opacity%3D%220%22%2F%3E%3C%2Fsvg%3E\" data-orig-src=\"https:\/\/www.prosilva.ch\/ps2021\/wp-content\/uploads\/2020\/09\/Planung_f.png\" alt class=\"lazyload img-responsive wp-image-1733\"\/><\/span><\/div><\/div><\/div><\/div><\/div><\/p>\n","protected":false},"excerpt":{"rendered":"","protected":false},"author":1,"featured_media":0,"parent":0,"menu_order":0,"comment_status":"closed","ping_status":"closed","template":"100-width.php","meta":{"footnotes":""},"class_list":["post-2443","page","type-page","status-publish","hentry"],"_links":{"self":[{"href":"https:\/\/www.prosilva.ch\/fr\/wp-json\/wp\/v2\/pages\/2443","targetHints":{"allow":["GET"]}}],"collection":[{"href":"https:\/\/www.prosilva.ch\/fr\/wp-json\/wp\/v2\/pages"}],"about":[{"href":"https:\/\/www.prosilva.ch\/fr\/wp-json\/wp\/v2\/types\/page"}],"author":[{"embeddable":true,"href":"https:\/\/www.prosilva.ch\/fr\/wp-json\/wp\/v2\/users\/1"}],"replies":[{"embeddable":true,"href":"https:\/\/www.prosilva.ch\/fr\/wp-json\/wp\/v2\/comments?post=2443"}],"version-history":[{"count":9,"href":"https:\/\/www.prosilva.ch\/fr\/wp-json\/wp\/v2\/pages\/2443\/revisions"}],"predecessor-version":[{"id":3943,"href":"https:\/\/www.prosilva.ch\/fr\/wp-json\/wp\/v2\/pages\/2443\/revisions\/3943"}],"wp:attachment":[{"href":"https:\/\/www.prosilva.ch\/fr\/wp-json\/wp\/v2\/media?parent=2443"}],"curies":[{"name":"wp","href":"https:\/\/api.w.org\/{rel}","templated":true}]}}